{"id":776,"date":"2009-02-10T13:33:37","date_gmt":"2009-02-10T16:33:37","guid":{"rendered":"http:\/\/www.lanuevaopcion.cl\/?page_id=776"},"modified":"2009-08-14T13:07:17","modified_gmt":"2009-08-14T16:07:17","slug":"carlos-pontigo-r","status":"publish","type":"page","link":"http:\/\/www.lanuevaopcion.cl\/?page_id=776","title":{"rendered":"Carlos Pontigo R"},"content":{"rendered":"<p><strong>Carlos pontigo publica su nuevo libro \u201cDi\u00e1logo Social en Chile\u201d<br \/>\n<\/strong><\/p>\n<p><img loading=\"lazy\" decoding=\"async\"  alt=\"\" src=\"http:\/\/www.juridicosag.cl\/imgs\/libro portada.png\" alt=\"as\" width=\"366\" height=\"560\" \/ class=\"alignleft\" style=\"margin-right:15px;margin-bottom:10px;float:left;\" ><\/p>\n<p>\u201cDi\u00e1logo Social en Chile\u201d, es el estreno editorial de este verano donde su autor Carlos Pontigo, conocido conductor de TV (La hora Pyme), Empresario y Productor de eventos, nos propone un relato intimo del mundo de una de las grandes organizaciones internacionales como lo es la Organizaci\u00f3n Internacional del trabajo OIT, los tratados internacionales y sus aplicaciones en chile, el autor aqu\u00ed describe el mundo de las negociaciones tripartitas, el lobby que realizan los grupo de inter\u00e9s, Trabajador, Empresario y Gobierno, pero ante todo en una denuncia sobre la esterilidad de estas conversaciones y acuerdos de en tierras for\u00e1neas, conocido como el \u201cEfecto Pudahuel\u201d.<\/p>\n<p>Adem\u00e1s este libro es en un leguaje simple pasea al lector por gran parte de la historia del siglo IX y XX., pasando por la revoluci\u00f3n industrial, el surgimiento del comunismo y las guerras mundiales, todo desde la \u00f3ptica de la OIT, lo que lo convierte en una lectura abierta a todo publico.<\/p>\n<p>En una Entrevista en radio Bio Bio el diputado Marco Enr\u00edquez Ominami adelanto el pr\u00f3ximo lanzamiento del libro que cuenta con un pr\u00f3logo suyo, sobre esta publicaci\u00f3n manifest\u00f3 los siguiente: \u201cDi\u00e1logo social en Chile es un libro que se hace cargo de un desaf\u00edo mayor, de una dimensi\u00f3n no explorada en Chile, y es que el pa\u00eds esta sometido a una legislaci\u00f3n Internacional. La OIT es un \u00f3rgano regulador mundial muy potente, que constantemente realiza estudio y Carlos lo que ha hecho es un esfuerzo por plasmar en un libro reflexiones constructivas respecto a una dimensi\u00f3n laboral. Cualquier Pyme, que no sepa y no lea este libro, no entiende la productividad desde el punto de vista de respeto y el fomento a las buenas practicas laborales. Llegando a la conclusi\u00f3n que este es un libro necesario en un Chile hoy carente de dialogo y sobre todo de debate\u201d Sentencio el Diputado autor del pr\u00f3logo.<\/p>\n<p>El nuevo libro de Carlos Pontigo disponible en todas las librer\u00edas del pa\u00eds o puedes pedirlo en contacto@lanuevaopcion.cl y sera enviado a tu direccion. Valor $1.990.<\/p>\n<p>Di\u00e1logo Social<\/p>\n<p>La preocupaci\u00f3n de Carlos Pontigo por los temas laborales comienza<br \/>\ncomo dirigente gremial en la Municipalidad de Santiago, donde fue Vicepresidente y Director de la Asociaci\u00f3n de Funcionarios Municipales por dos periodos consecutivos. Gracias a su t\u00edtulo de t\u00e9cnico jur\u00eddico y a sus estudios de Derecho, cuya preparaci\u00f3n le vali\u00f3 viajar dos a\u00f1os a Ginebra, Suiza, como asesor t\u00e9cnico de la CUT, dentro de la delegaci\u00f3n Chilena en el marco de la asamblea anual de la OIT, dicha experiencia motiv\u00f3 con mayor fuerza su vocaci\u00f3n gremial y de emprendimiento.<\/p>\n<p>De vuelta en Chile se reuni\u00f3 con algunos colegas T\u00e9cnicos y form\u00f3 la Asociaci\u00f3n de T\u00e9cnicos, Jur\u00eddicos y afines de Chile, con la misi\u00f3n de fomentar la educaci\u00f3n t\u00e9cnica en nuestro pa\u00eds y darle un mayor status social a la labor de los t\u00e9cnicos.<\/p>\n<p>Ahora en este, su segundo libro plantea el problema del \u201cDi\u00e1logo Social<br \/>\nen Chile\u201d o m\u00e1s bien la falta de \u00e9l; la falta de instituciones que estimulen<br \/>\nel di\u00e1logo, para resolver entre otras cosas la desigualdad social, desigualdad entre hombre y mujeres, entre profesionales y t\u00e9cnicos, entre grandes y peque\u00f1as empresas, porque ya no podemos seguir jact\u00e1ndonos de un pa\u00eds que le va bien si hay grandes sectores de la sociedad que no participan de la fiesta del crecimiento econ\u00f3mico, crecer con igualdad es una deuda aun pendiente.<\/p>\n<p>Es precisamente en su calidad de Presidente de la Asociaci\u00f3n de<br \/>\nT\u00e9cnicos que ha presentado por separado a los diputados Marco Enr\u00edquez Ominami, Esteban Valenzuela y al Ministro del Trabajo, Osvaldo Andrade, una minuta que propone una legislaci\u00f3n que otorgue a los t\u00edtulos t\u00e9cnicos de nivel superior una equivalencia en semestres con respecto a las carreras universitarias, para efectos de postulaci\u00f3n a cargos y concursos p\u00fablicos y privados.<\/p>\n","protected":false},"excerpt":{"rendered":"<p>Carlos pontigo publica su nuevo libro \u201cDi\u00e1logo Social en Chile\u201d \u201cDi\u00e1logo Social en Chile\u201d, es el estreno editorial de este verano donde su autor Carlos Pontigo, conocido conductor de TV (La hora Pyme), Empresario y Productor de eventos, nos propone un relato intimo del mundo de una de las grandes organizaciones internacionales como lo es [&hellip;]<\/p>\n","protected":false},"author":1,"featured_media":0,"parent":175,"menu_order":0,"comment_status":"open","ping_status":"open","template":"","meta":{"footnotes":""},"class_list":["post-776","page","type-page","status-publish","hentry"],"_links":{"self":[{"href":"http:\/\/www.lanuevaopcion.cl\/index.php?rest_route=\/wp\/v2\/pages\/776","targetHints":{"allow":["GET"]}}],"collection":[{"href":"http:\/\/www.lanuevaopcion.cl\/index.php?rest_route=\/wp\/v2\/pages"}],"about":[{"href":"http:\/\/www.lanuevaopcion.cl\/index.php?rest_route=\/wp\/v2\/types\/page"}],"author":[{"embeddable":true,"href":"http:\/\/www.lanuevaopcion.cl\/index.php?rest_route=\/wp\/v2\/users\/1"}],"replies":[{"embeddable":true,"href":"http:\/\/www.lanuevaopcion.cl\/index.php?rest_route=%2Fwp%2Fv2%2Fcomments&post=776"}],"version-history":[{"count":6,"href":"http:\/\/www.lanuevaopcion.cl\/index.php?rest_route=\/wp\/v2\/pages\/776\/revisions"}],"predecessor-version":[{"id":3890,"href":"http:\/\/www.lanuevaopcion.cl\/index.php?rest_route=\/wp\/v2\/pages\/776\/revisions\/3890"}],"up":[{"embeddable":true,"href":"http:\/\/www.lanuevaopcion.cl\/index.php?rest_route=\/wp\/v2\/pages\/175"}],"wp:attachment":[{"href":"http:\/\/www.lanuevaopcion.cl\/index.php?rest_route=%2Fwp%2Fv2%2Fmedia&parent=776"}],"curies":[{"name":"wp","href":"https:\/\/api.w.org\/{rel}","templated":true}]}}