{"id":415,"date":"2009-01-19T11:28:48","date_gmt":"2009-01-19T14:28:48","guid":{"rendered":"http:\/\/www.lanuevaopcion.cl\/?page_id=415"},"modified":"2009-01-19T11:28:48","modified_gmt":"2009-01-19T14:28:48","slug":"publicidad","status":"publish","type":"page","link":"http:\/\/www.lanuevaopcion.cl\/?page_id=415","title":{"rendered":"Publicidad"},"content":{"rendered":"<p>La Nueva Opci\u00f3n es un medio informativo virtual, pluralista e independiente.<\/p>\n<p>La selecci\u00f3n del material se hace pensando en el inter\u00e9s nacional, poniendo \u00e9nfasis en temas trascendentales como pol\u00edtica, cultura, tecnolog\u00eda, deporte, nacional e internacional.<\/p>\n<p>La  publicidad en el portal puede ser seleccionada en dos de sus formatos:<\/p>\n<p><img loading=\"lazy\" decoding=\"async\"  alt=\"\" src=\"http:\/\/www.lanuevaopcion.cl\/adv\/banners.png\" class=\"alignnone\" width=\"616\" height=\"339\" \/ class=\"alignleft\" style=\"margin-right:15px;margin-bottom:10px;float:left;\" ><\/p>\n<p>Consultas y m\u00e1s<br \/>\nContacto@lanuevaopcion.cl<\/p>\n","protected":false},"excerpt":{"rendered":"<p>La Nueva Opci\u00f3n es un medio informativo virtual, pluralista e independiente. La selecci\u00f3n del material se hace pensando en el inter\u00e9s nacional, poniendo \u00e9nfasis en temas trascendentales como pol\u00edtica, cultura, tecnolog\u00eda, deporte, nacional e internacional. La publicidad en el portal puede ser seleccionada en dos de sus formatos: Consultas y m\u00e1s Contacto@lanuevaopcion.cl<\/p>\n","protected":false},"author":1,"featured_media":0,"parent":0,"menu_order":0,"comment_status":"open","ping_status":"open","template":"","meta":{"footnotes":""},"class_list":["post-415","page","type-page","status-publish","hentry"],"_links":{"self":[{"href":"http:\/\/www.lanuevaopcion.cl\/index.php?rest_route=\/wp\/v2\/pages\/415","targetHints":{"allow":["GET"]}}],"collection":[{"href":"http:\/\/www.lanuevaopcion.cl\/index.php?rest_route=\/wp\/v2\/pages"}],"about":[{"href":"http:\/\/www.lanuevaopcion.cl\/index.php?rest_route=\/wp\/v2\/types\/page"}],"author":[{"embeddable":true,"href":"http:\/\/www.lanuevaopcion.cl\/index.php?rest_route=\/wp\/v2\/users\/1"}],"replies":[{"embeddable":true,"href":"http:\/\/www.lanuevaopcion.cl\/index.php?rest_route=%2Fwp%2Fv2%2Fcomments&post=415"}],"version-history":[{"count":2,"href":"http:\/\/www.lanuevaopcion.cl\/index.php?rest_route=\/wp\/v2\/pages\/415\/revisions"}],"predecessor-version":[{"id":417,"href":"http:\/\/www.lanuevaopcion.cl\/index.php?rest_route=\/wp\/v2\/pages\/415\/revisions\/417"}],"wp:attachment":[{"href":"http:\/\/www.lanuevaopcion.cl\/index.php?rest_route=%2Fwp%2Fv2%2Fmedia&parent=415"}],"curies":[{"name":"wp","href":"https:\/\/api.w.org\/{rel}","templated":true}]}}