{"id":190,"date":"2009-01-07T15:49:47","date_gmt":"2009-01-07T18:49:47","guid":{"rendered":"http:\/\/www.lanuevaopcion.cl\/?page_id=190"},"modified":"2013-08-24T00:52:26","modified_gmt":"2013-08-24T00:52:26","slug":"contact","status":"publish","type":"page","link":"http:\/\/www.lanuevaopcion.cl\/?page_id=190","title":{"rendered":"Contacto"},"content":{"rendered":"<p> \u00bfTe gustar\u00eda escribir un art\u00edculo? \u00bfQuieres denunciar algo? Este es tu espacio, aqu\u00ed puedes escribirnos y as\u00ed poder mejorar cada d\u00eda tu portal de noticias<\/p>\n<p>hectorproductor@gmail.com<\/p>\n<p>Periodistas contactarce con el productor a hectorproductor@gmail.com o al fono 9257 6203<\/p>\n<p><\/code> <\/p>\n<div id=\"wrap\">\n<form action=\"procesa.php\" method=\"post\" onsubmit=\"MM_validateForm('nombre','','R','rut','','R','fono','','RisNum','email','','RisEmail','mensaje','','R');return document.MM_returnValue\">\n<table width=\"188\" border=\"0\" cellpadding=\"0\" cellspacing=\"8\" >\n<tr>\n<td width=\"172\"><span class=\"Estilo39\"><span class=\"Estilo46\">N<\/span><span class=\"Estilo38 Estilo44\"><span class=\"Estilo14\">o<\/span>mbre: <\/span><\/span><\/p>\n<p>\n                <input name=\"nombre\" type=\"text\" class=\"cajainput\" id=\"nombre\" size=\"30\"  \/>\n              <\/p>\n<\/td>\n<\/tr>\n<tr>\n<td><span class=\"Estilo36\"><span class=\"Estilo41 Estilo44\">M<\/span><span class=\"Estilo38 Estilo44\">ail:<br \/>\n              <\/span><\/span><\/p>\n<p>\n                <input name=\"email\" type=\"text\" class=\"cajainput\" id=\"email\" size=\"30\"  \/>\n              <\/p>\n<\/td>\n<\/tr>\n<tr>\n<td><span class=\"Estilo36\"><span class=\"Estilo46\">M<\/span><span class=\"Estilo38 Estilo44\"><span class=\"Estilo14\">e<\/span>nsaje: <\/span><\/span><\/p>\n<p>\n                <textarea name=\"mensaje\" cols=\"23\" rows=\"10\" class=\"cajainput\" id=\"mensaje\"><\/textarea>\n              <\/p>\n<\/td>\n<\/tr>\n<tr>\n<td><input class=\"butenviar\" type=\"submit\" value=\"Enviar\"\/><\/td>\n<\/tr>\n<\/table><\/form>\n<\/p><\/div>\n","protected":false},"excerpt":{"rendered":"<p>\u00bfTe gustar\u00eda escribir un art\u00edculo? \u00bfQuieres denunciar algo? Este es tu espacio, aqu\u00ed puedes escribirnos y as\u00ed poder mejorar cada d\u00eda tu portal de noticias hectorproductor@gmail.com Periodistas contactarce con el productor a hectorproductor@gmail.com o al fono 9257 6203 Nombre: Mail: Mensaje:<\/p>\n","protected":false},"author":1,"featured_media":0,"parent":0,"menu_order":2,"comment_status":"open","ping_status":"open","template":"","meta":{"footnotes":""},"class_list":["post-190","page","type-page","status-publish","hentry"],"_links":{"self":[{"href":"http:\/\/www.lanuevaopcion.cl\/index.php?rest_route=\/wp\/v2\/pages\/190","targetHints":{"allow":["GET"]}}],"collection":[{"href":"http:\/\/www.lanuevaopcion.cl\/index.php?rest_route=\/wp\/v2\/pages"}],"about":[{"href":"http:\/\/www.lanuevaopcion.cl\/index.php?rest_route=\/wp\/v2\/types\/page"}],"author":[{"embeddable":true,"href":"http:\/\/www.lanuevaopcion.cl\/index.php?rest_route=\/wp\/v2\/users\/1"}],"replies":[{"embeddable":true,"href":"http:\/\/www.lanuevaopcion.cl\/index.php?rest_route=%2Fwp%2Fv2%2Fcomments&post=190"}],"version-history":[{"count":11,"href":"http:\/\/www.lanuevaopcion.cl\/index.php?rest_route=\/wp\/v2\/pages\/190\/revisions"}],"predecessor-version":[{"id":18980,"href":"http:\/\/www.lanuevaopcion.cl\/index.php?rest_route=\/wp\/v2\/pages\/190\/revisions\/18980"}],"wp:attachment":[{"href":"http:\/\/www.lanuevaopcion.cl\/index.php?rest_route=%2Fwp%2Fv2%2Fmedia&parent=190"}],"curies":[{"name":"wp","href":"https:\/\/api.w.org\/{rel}","templated":true}]}}